{"id":11302,"date":"2015-08-23T19:17:43","date_gmt":"2015-08-23T23:17:43","guid":{"rendered":"http:\/\/solution3p.com\/fr\/?page_id=11302"},"modified":"2015-11-16T10:24:54","modified_gmt":"2015-11-16T15:24:54","slug":"cloud","status":"publish","type":"page","link":"http:\/\/solution3p.com\/fr\/cloud","title":{"rendered":"Cloud"},"content":{"rendered":"<p><script>\n  (function(i,s,o,g,r,a,m){i['GoogleAnalyticsObject']=r;i[r]=i[r]||function(){\n  (i[r].q=i[r].q||[]).push(arguments)},i[r].l=1*new Date();a=s.createElement(o),\n  m=s.getElementsByTagName(o)[0];a.async=1;a.src=g;m.parentNode.insertBefore(a,m)\n  })(window,document,'script','\/\/www.google-analytics.com\/analytics.js','ga');<\/p>\n<p>  ga('create', 'UA-42888924-1', 'auto');\n  ga('send', 'pageview');<\/p>\n<p><\/script><\/p>\n<h1 style=\"text-align: center;\">L&rsquo;informatique traditionnelle ne peut pas r\u00e9pondre aux besoins d&rsquo;aujourd&rsquo;hui<\/h1>\n<p>&nbsp;<\/p>\n<div class=\"outerOneThird\">\n<h4>Comment je peux \u00eatre plus agile et livrer des infrastructures informatiques rapidement, en quelques minutes au lieu de  semaines ou mois de d\u00e9lais?<\/h4>\n<\/div>\n<div class=\"outerOneThird\">\n<h4>Comment je peux passer de d\u00e9penses en immobilisation vers d\u00e9penses de fonctionnement et am\u00e9liorer la gestion de la tr\u00e9sorerie?<\/h4>\n<\/div>\n<div class=\"outerOneThird last\">\n<h4>Comment je peux livrer la capacit\u00e9 ad\u00e9quate pour r\u00e9pondre aux besoins des unit\u00e9s d&rsquo;affaire tout en payant seulement pour la capacit\u00e9 utilis\u00e9e?<\/h4>\n<\/div>\n<div class=\"clear\"><\/div>\n<p>&nbsp;<\/p>\n<h1 style=\"text-align: center;\">Notre solution: Vous aider \u00e0 adopter des solutions Infonuagiques<\/h1>\n<p>&nbsp;<\/p>\n<div class=\"outerOneThird\">\n<h4>1. Nous analysons vos besoins pour d\u00e9terminer le meilleur mod\u00e8le Infonuagique pour votre environnement.<\/h4>\n<p><img decoding=\"async\" alt=\"Solution3P ressources humaines - Cloud Computing\" src=\"http:\/\/solution3p.com\/fr\/wp-content\/img\/fit-900x560.jpg\" \/><br \/>\nQuel mod\u00e8le de Service (IaaS, PaaS, SaaS)?<br \/>\nQuel mod\u00e8le de D\u00e9ploiement (Cloud Publique, Priv\u00e9 ou Hybrid)?\n<\/div>\n<div class=\"outerOneThird\">\n<h4>2. Nous analysons vos besoins et vous aidons \u00e0 b\u00e2tir la meilleure architecture technologique.<\/h4>\n<p><img decoding=\"async\" alt=\"Solution3P analyse\" src=\"http:\/\/solution3p.com\/fr\/wp-content\/img\/business-case-900x560.jpg\" \/><br \/>\nQuelle est la meilleure solution d&rsquo;architecture pour r\u00e9pondre \u00e0 mes besoins d&rsquo;affaire tout en tenant compte des aspects d&rsquo;op\u00e9ration et de gouvernance?\n<\/div>\n<div class=\"outerOneThird last\">\n<h4>3. Nous conduisons des ateliers avec tous les intervenants pour b\u00e2tir le plan de projet et l&rsquo;ex\u00e9cuter.<\/h4>\n<p><img decoding=\"async\" alt=\"Solution3P planifier ex\u00e9cuter contr\u00f4ler et agir\" src=\"http:\/\/solution3p.com\/fr\/wp-content\/img\/pdca-fr-640x398.jpg\" \/><br \/>\nQuelles sont les dates de livraison?<br \/>\nQuel est le budget du projet?<br \/>\nQuelles sont les ressources humaines et mat\u00e9rielles requises?\n<\/div>\n<div class=\"clear\"><\/div>\n<p><span style=\"background-color:#fcff00; color:#000000 !important;padding-left:3px;padding-right:3px;padding-top:1px;padding-bottom:1px;\">Ne restez pas li\u00e9s \u00e0 l&rsquo;informatique traditionnelle!<\/span><br \/>\n<span style=\"background-color:#fcff00; color:#000000 !important;padding-left:3px;padding-right:3px;padding-top:1px;padding-bottom:1px;\">Ne ratez pas la vague Infonuagiques (Cloud Computing)!<\/span><\/p>\n<p class=\"noBottomMargin\" style=\"line-height: 22px;\"><a class=\"button tiny  light-blue \" href=\"http:\/\/solution3p.com\/fr\/contact\" target=\"_parent\" >Contactez-nous maintenant<\/a><\/p>\n","protected":false},"excerpt":{"rendered":"<p>L&rsquo;informatique traditionnelle ne peut pas r\u00e9pondre aux besoins d&rsquo;aujourd&rsquo;hui &nbsp; &nbsp; Notre solution: Vous aider \u00e0 adopter des solutions Infonuagiques &nbsp;<\/p>\n","protected":false},"author":2,"featured_media":11338,"parent":0,"menu_order":0,"comment_status":"open","ping_status":"open","template":"","meta":{"_monsterinsights_skip_tracking":false,"_monsterinsights_sitenote_active":false,"_monsterinsights_sitenote_note":"","_monsterinsights_sitenote_category":0,"footnotes":""},"class_list":["post-11302","page","type-page","status-publish","has-post-thumbnail","hentry"],"_links":{"self":[{"href":"http:\/\/solution3p.com\/fr\/wp-json\/wp\/v2\/pages\/11302","targetHints":{"allow":["GET"]}}],"collection":[{"href":"http:\/\/solution3p.com\/fr\/wp-json\/wp\/v2\/pages"}],"about":[{"href":"http:\/\/solution3p.com\/fr\/wp-json\/wp\/v2\/types\/page"}],"author":[{"embeddable":true,"href":"http:\/\/solution3p.com\/fr\/wp-json\/wp\/v2\/users\/2"}],"replies":[{"embeddable":true,"href":"http:\/\/solution3p.com\/fr\/wp-json\/wp\/v2\/comments?post=11302"}],"version-history":[{"count":31,"href":"http:\/\/solution3p.com\/fr\/wp-json\/wp\/v2\/pages\/11302\/revisions"}],"predecessor-version":[{"id":11379,"href":"http:\/\/solution3p.com\/fr\/wp-json\/wp\/v2\/pages\/11302\/revisions\/11379"}],"wp:featuredmedia":[{"embeddable":true,"href":"http:\/\/solution3p.com\/fr\/wp-json\/wp\/v2\/media\/11338"}],"wp:attachment":[{"href":"http:\/\/solution3p.com\/fr\/wp-json\/wp\/v2\/media?parent=11302"}],"curies":[{"name":"wp","href":"https:\/\/api.w.org\/{rel}","templated":true}]}}