{"id":11083,"date":"2013-03-03T20:57:32","date_gmt":"2013-03-04T01:57:32","guid":{"rendered":"http:\/\/solution3p.com\/wp\/?page_id=11083"},"modified":"2015-08-23T19:59:35","modified_gmt":"2015-08-23T23:59:35","slug":"blog","status":"publish","type":"page","link":"http:\/\/solution3p.com\/fr\/blog","title":{"rendered":"Blog"},"content":{"rendered":"<p><script>\n  (function(i,s,o,g,r,a,m){i['GoogleAnalyticsObject']=r;i[r]=i[r]||function(){\n  (i[r].q=i[r].q||[]).push(arguments)},i[r].l=1*new Date();a=s.createElement(o),\n  m=s.getElementsByTagName(o)[0];a.async=1;a.src=g;m.parentNode.insertBefore(a,m)\n  })(window,document,'script','\/\/www.google-analytics.com\/analytics.js','ga');<\/p>\n<p>  ga('create', 'UA-42888924-1', 'auto');\n  ga('send', 'pageview');<\/p>\n<p><\/script><\/p>\n<p>&nbsp;<\/p>\n<div class=\"post\"><div class=\"post-head\"><div class=\"post-title\"><a href=\"http:\/\/solution3p.com\/fr\/11279-les-bureaux-de-projets\"><h1>Questions sur les bureaux de projets<\/h1><\/a><\/div><\/div><div class=\"clear\"><\/div><div class=\"post-meta\"><ul><li class=\"post-date\"><div class=\"meta-info\">Posted on:<a href=\"http:\/\/solution3p.com\/fr\/date\/2013\/11\">13 novembre 2013<\/a><\/div><div class=\"clear\"><\/div><\/li><li class=\"post-cat\"><div class=\"meta-info\">Posted in:<a href=\"http:\/\/solution3p.com\/fr\/category\/ppm\" rel=\"category tag\">PPM<\/a><\/div><div class=\"clear\"><\/div><\/li><li class=\"post-user\"><div class=\"meta-info\">Posted by:<a href=\"http:\/\/solution3p.com\/fr\/author\/anadir\">Abderrahman Nadir<\/a><\/div><div class=\"clear\"><\/div><\/li><\/ul><\/div><div class=\"clear\"><\/div><div class=\"post-comments\"><a href=\"http:\/\/solution3p.com\/fr\/11279-les-bureaux-de-projets#comments\"><span class=\"meta-comments\">0<\/span><\/a><\/div><!--  CLOSE post-comments --><div class=\"post-text\"><p>\r\n\r\n\r\n\r\nCe matin, lors d'une conf\u00e9rence organis\u00e9e par la communaut\u00e9 de pratique sur la gestion organisationnelle du PMI Montr\u00e9al, sous le th\u00e8me \"4 questions fondamentales sur les bureaux de projets\", 2 \u00e9l\u00e9ments ont attir\u00e9s mon attention.\r\n\r\n<strong>1er \u00e9l\u00e9ment:<\/strong> beaucoup de recherches pour conclure que les bureaux...<\/p><a class=\"button small white\" href=\"http:\/\/solution3p.com\/fr\/11279-les-bureaux-de-projets\" style=\"float:left;\" target=\"_parent\">Read More<\/a><div class=\"post-tags\"><\/div><\/div><div class=\"clear\"><\/div><div class=\"clear\"><\/div><\/div><div class=\"horizontalRule\" style=\"height:32.5px;\"><\/div><div class=\"hr\" style=\"height:32.5px;\"><\/div><div class=\"post\"><div class=\"post-head\"><div class=\"post-title\"><a href=\"http:\/\/solution3p.com\/fr\/11249-5-facteurs-cles-derriere-le-cloud-computing\"><h1>5 facteurs cl\u00e9s derri\u00e8re le Cloud Computing<\/h1><\/a><\/div><\/div><div class=\"clear\"><\/div><div class=\"post-meta\"><ul><li class=\"post-date\"><div class=\"meta-info\">Posted on:<a href=\"http:\/\/solution3p.com\/fr\/date\/2013\/07\">17 juillet 2013<\/a><\/div><div class=\"clear\"><\/div><\/li><li class=\"post-cat\"><div class=\"meta-info\">Posted in:<a href=\"http:\/\/solution3p.com\/fr\/category\/cloudcomputing\" rel=\"category tag\">CloudComputing<\/a><\/div><div class=\"clear\"><\/div><\/li><li class=\"post-user\"><div class=\"meta-info\">Posted by:<a href=\"http:\/\/solution3p.com\/fr\/author\/anadir\">Abderrahman Nadir<\/a><\/div><div class=\"clear\"><\/div><\/li><\/ul><\/div><div class=\"clear\"><\/div><div class=\"post-comments\"><a href=\"http:\/\/solution3p.com\/fr\/11249-5-facteurs-cles-derriere-le-cloud-computing#comments\"><span class=\"meta-comments\">0<\/span><\/a><\/div><!--  CLOSE post-comments --><div class=\"outerImageWrap\" style=\"max-width:900px;margin-left:auto;margin-right:auto;margin-bottom:0px;margin-top:0px;\"><div class=\"imageBorder smallBorder\" style=\"\"><div class=\"imageWrapper\"><a href=\"http:\/\/solution3p.com\/fr\/11249-5-facteurs-cles-derriere-le-cloud-computing\" title=\"\"  ><img decoding=\"async\" class=\"responsiveImage\" src=\"http:\/\/solution3p.com\/fr\/wp-content\/uploads\/2013\/07\/5FactClesCloud-900x411.png\" alt=\"\" title=\"\" \/><\/a><span class=\"imagePreloader\" style=\"position:absolute;top:0px;width:100%;height:100%;overflow:hidden;\"><\/span><\/div><\/div><div class=\"imageShadow\" style=\"max-width:900px;\"><img decoding=\"async\" class=\"imageShadow\" src=\"http:\/\/solution3p.com\/fr\/wp-content\/themes\/inspired\/images\/shadows\/shadow7.png\" alt=\"\" title=\"\" \/><\/div><\/div><div class=\"clear\"><\/div><div class=\"post-text\"><p><h3 style=\"text-align: center;\"><\/h3>\r\n<p class=\"noBottomMargin\" style=\"line-height: 22px;\"><\/p>\r\nBeaucoup d\u2019articles ont \u00e9t\u00e9 \u00e9cris sur le Cloud Computing et tout semble indiquer qu\u2019il y en aura davantage.\r\n\r\nSelon plusieurs \u00e9tudes, le march\u00e9 du Cloud Computing connait une croissance \u00e0 deux chiffres...<\/p><a class=\"button small white\" href=\"http:\/\/solution3p.com\/fr\/11249-5-facteurs-cles-derriere-le-cloud-computing\" style=\"float:left;\" target=\"_parent\">Read More<\/a><div class=\"post-tags\">Tags: <a href=\"http:\/\/solution3p.com\/fr\/tag\/affaire\/\">Affaire<\/a><a href=\"http:\/\/solution3p.com\/fr\/tag\/application\/\">Application<\/a><a href=\"http:\/\/solution3p.com\/fr\/tag\/capacite\/\">capacit\u00e9<\/a><a href=\"http:\/\/solution3p.com\/fr\/tag\/centre-de-donnees\/\">Centre de donn\u00e9es<\/a><a href=\"http:\/\/solution3p.com\/fr\/tag\/cloud\/\">Cloud<\/a><a href=\"http:\/\/solution3p.com\/fr\/tag\/computing\/\">Computing<\/a><a href=\"http:\/\/solution3p.com\/fr\/tag\/data-center\/\">Data Center<\/a><a href=\"http:\/\/solution3p.com\/fr\/tag\/elasticite\/\">elasticit\u00e9<\/a><a href=\"http:\/\/solution3p.com\/fr\/tag\/formation\/\">formation<\/a><a href=\"http:\/\/solution3p.com\/fr\/tag\/infonuagique\/\">Infonuagique<\/a><a href=\"http:\/\/solution3p.com\/fr\/tag\/informatique-en-nuage\/\">Informatique en nuage<\/a><a href=\"http:\/\/solution3p.com\/fr\/tag\/infrastructure\/\">Infrastructure<\/a><a href=\"http:\/\/solution3p.com\/fr\/tag\/marche\/\">March\u00e9<\/a><a href=\"http:\/\/solution3p.com\/fr\/tag\/serveur\/\">Serveur<\/a><a href=\"http:\/\/solution3p.com\/fr\/tag\/service\/\">Service<\/a><a href=\"http:\/\/solution3p.com\/fr\/tag\/ti\/\">TI<\/a><a href=\"http:\/\/solution3p.com\/fr\/tag\/time-to-market\/\">time to market<\/a><\/div><\/div><div class=\"clear\"><\/div><div class=\"clear\"><\/div><\/div><div class=\"horizontalRule\" style=\"height:32.5px;\"><\/div><div class=\"hr\" style=\"height:32.5px;\"><\/div><div class=\"post\"><div class=\"post-head\"><div class=\"post-title\"><a href=\"http:\/\/solution3p.com\/fr\/11232-ppm-et-gestion-de-la-capacite\"><h1>PPM et gestion de la capacit\u00e9<\/h1><\/a><\/div><\/div><div class=\"clear\"><\/div><div class=\"post-meta\"><ul><li class=\"post-date\"><div class=\"meta-info\">Posted on:<a href=\"http:\/\/solution3p.com\/fr\/date\/2013\/06\">12 juin 2013<\/a><\/div><div class=\"clear\"><\/div><\/li><li class=\"post-cat\"><div class=\"meta-info\">Posted in:<a href=\"http:\/\/solution3p.com\/fr\/category\/ppm\" rel=\"category tag\">PPM<\/a><\/div><div class=\"clear\"><\/div><\/li><li class=\"post-user\"><div class=\"meta-info\">Posted by:<a href=\"http:\/\/solution3p.com\/fr\/author\/anadir\">Abderrahman Nadir<\/a><\/div><div class=\"clear\"><\/div><\/li><\/ul><\/div><div class=\"clear\"><\/div><div class=\"post-comments\"><a href=\"http:\/\/solution3p.com\/fr\/11232-ppm-et-gestion-de-la-capacite#comments\"><span class=\"meta-comments\">0<\/span><\/a><\/div><!--  CLOSE post-comments --><div class=\"outerImageWrap\" style=\"max-width:716px;margin-left:auto;margin-right:auto;margin-bottom:0px;margin-top:0px;\"><div class=\"imageBorder smallBorder\" style=\"\"><div class=\"imageWrapper\"><a href=\"http:\/\/solution3p.com\/fr\/11232-ppm-et-gestion-de-la-capacite\" title=\"\"  ><img decoding=\"async\" class=\"responsiveImage\" src=\"http:\/\/solution3p.com\/fr\/wp-content\/uploads\/2013\/06\/Team2-716x378.jpg\" alt=\"\" title=\"\" \/><\/a><span class=\"imagePreloader\" style=\"position:absolute;top:0px;width:100%;height:100%;overflow:hidden;\"><\/span><\/div><\/div><div class=\"imageShadow\" style=\"max-width:716px;\"><img decoding=\"async\" class=\"imageShadow\" src=\"http:\/\/solution3p.com\/fr\/wp-content\/themes\/inspired\/images\/shadows\/shadow6.png\" alt=\"\" title=\"\" \/><\/div><\/div><div class=\"clear\"><\/div><div class=\"post-text\"><p><h3 style=\"text-align: center;\"><br\/>La gestion de la capacit\u00e9 dans le cadre de la gestion de portefeuille de projets<\/h3>\r\n<p class=\"noBottomMargin\" style=\"line-height: 22px;\">\r\nCe matin lors d\u2019un atelier sous le th\u00e8me \"performance de...<\/p><a class=\"button small white\" href=\"http:\/\/solution3p.com\/fr\/11232-ppm-et-gestion-de-la-capacite\" style=\"float:left;\" target=\"_parent\">Read More<\/a><div class=\"post-tags\">Tags: <a href=\"http:\/\/solution3p.com\/fr\/tag\/capacite\/\">capacit\u00e9<\/a><a href=\"http:\/\/solution3p.com\/fr\/tag\/gestion\/\">gestion<\/a><a href=\"http:\/\/solution3p.com\/fr\/tag\/humaines\/\">humaines<\/a><a href=\"http:\/\/solution3p.com\/fr\/tag\/portefeuille\/\">portefeuille<\/a><a href=\"http:\/\/solution3p.com\/fr\/tag\/ppm\/\">PPM<\/a><a href=\"http:\/\/solution3p.com\/fr\/tag\/ressources\/\">ressources<\/a><\/div><\/div><div class=\"clear\"><\/div><div class=\"clear\"><\/div><\/div><div class=\"horizontalRule\" style=\"height:32.5px;\"><\/div><div class=\"hr\" style=\"height:32.5px;\"><\/div><div id=\"post-pagination\"><span class=\"page-count\">Page 1 of 2<\/span><span class='skinSwitch current button tiny white'>1<\/span><a class='skinSwitch button tiny inactive white' href='http:\/\/solution3p.com\/fr\/wp-json\/wp\/v2\/pages\/11083\/page\/2'>2<\/a><\/div>\n<p>&nbsp;<\/p>\n<p>&nbsp;<\/p>\n","protected":false},"excerpt":{"rendered":"<p>&nbsp; &nbsp; &nbsp;<\/p>\n","protected":false},"author":1,"featured_media":0,"parent":0,"menu_order":0,"comment_status":"open","ping_status":"closed","template":"","meta":{"_monsterinsights_skip_tracking":false,"_monsterinsights_sitenote_active":false,"_monsterinsights_sitenote_note":"","_monsterinsights_sitenote_category":0,"footnotes":""},"class_list":["post-11083","page","type-page","status-publish","hentry"],"_links":{"self":[{"href":"http:\/\/solution3p.com\/fr\/wp-json\/wp\/v2\/pages\/11083","targetHints":{"allow":["GET"]}}],"collection":[{"href":"http:\/\/solution3p.com\/fr\/wp-json\/wp\/v2\/pages"}],"about":[{"href":"http:\/\/solution3p.com\/fr\/wp-json\/wp\/v2\/types\/page"}],"author":[{"embeddable":true,"href":"http:\/\/solution3p.com\/fr\/wp-json\/wp\/v2\/users\/1"}],"replies":[{"embeddable":true,"href":"http:\/\/solution3p.com\/fr\/wp-json\/wp\/v2\/comments?post=11083"}],"version-history":[{"count":14,"href":"http:\/\/solution3p.com\/fr\/wp-json\/wp\/v2\/pages\/11083\/revisions"}],"predecessor-version":[{"id":11315,"href":"http:\/\/solution3p.com\/fr\/wp-json\/wp\/v2\/pages\/11083\/revisions\/11315"}],"wp:attachment":[{"href":"http:\/\/solution3p.com\/fr\/wp-json\/wp\/v2\/media?parent=11083"}],"curies":[{"name":"wp","href":"https:\/\/api.w.org\/{rel}","templated":true}]}}