{"id":10620,"date":"2012-07-26T20:30:31","date_gmt":"2012-07-27T00:30:31","guid":{"rendered":"http:\/\/solution3p.com\/wp\/?page_id=10620"},"modified":"2016-07-25T00:41:47","modified_gmt":"2016-07-25T04:41:47","slug":"home-layout-1-5","status":"publish","type":"page","link":"http:\/\/solution3p.com\/fr\/","title":{"rendered":"Accueil"},"content":{"rendered":"<p><script>\n  (function(i,s,o,g,r,a,m){i['GoogleAnalyticsObject']=r;i[r]=i[r]||function(){\n  (i[r].q=i[r].q||[]).push(arguments)},i[r].l=1*new Date();a=s.createElement(o),\n  m=s.getElementsByTagName(o)[0];a.async=1;a.src=g;m.parentNode.insertBefore(a,m)\n  })(window,document,'script','\/\/www.google-analytics.com\/analytics.js','ga');<\/p>\n<p>  ga('create', 'UA-42888924-1', 'auto');\n  ga('send', 'pageview');<\/p>\n<p><\/script><\/p>\n<p><!--\n\n<\/p>\n\r\n\r\n[outerOneFourth]\r\n<div style=\"float: left; width: 19px; margin-right: 3.5%;\">[image alignment=\"center\" url=\"http:\/\/themes.curtycurt.com\/images\/inspired\/icon-pencil.png\" preloader=\"false\" width=\"30\" height=\"30\" ]<\/div>\r\n[innerFiveSixthsLast]\r\n<h4>What we do<\/h4>\r\n<p class=\"halfBottomMargin\">We assist our clients\u00e2\u20ac\u2122 IT department to create value and achieve their business objectives<\/p>\r\n[button text=\"Read More\" type=\"link\" size=\"small\" rounded=\"false\" color=\"white\" link=\"http:\/\/solution3p.com\/wp\/?page_id=10023#do\" target=\"_parent\"]\r\n[\/innerFiveSixthsLast]\r\n[\/outerOneFourth]\r\n\r\n[outerOneFourth]\r\n<div style=\"float: left; width: 19px; margin-right: 3.5%;\">[image alignment=\"center\" url=\"http:\/\/themes.curtycurt.com\/images\/inspired\/icon-bullseye.png\" preloader=\"false\" width=\"30\" height=\"30\" ]<\/div>\r\n[innerFiveSixthsLast]\r\n<h4>Our approach<\/h4>\r\n<p class=\"halfBottomMargin\">We assist our clients to \u00e2\u20ac\u0153align IT and business\u00e2\u20ac\u009d by improving: Portfolio management, including project and program management<\/p>\r\n[button text=\"Read More\" type=\"link\" size=\"small\" rounded=\"false\" color=\"white\" link=\"http:\/\/solution3p.com\/wp\/?page_id=10023#approach\" target=\"_parent\"]\r\n[\/innerFiveSixthsLast]\r\n[\/outerOneFourth]\r\n\r\n[outerOneFourth]\r\n<div style=\"float: left; width: 19px; margin-right: 3.5%;\">[image alignment=\"center\" url=\"http:\/\/themes.curtycurt.com\/images\/inspired\/icon-star.png\" preloader=\"false\" width=\"30\" height=\"30\" ]<\/div>\r\n[innerFiveSixthsLast]\r\n<h4>Our People<\/h4>\r\n<p class=\"halfBottomMargin\">Our consultants are experienced, certified and inspired by challenging tasks<\/p>\r\n[button text=\"Read More\" type=\"link\" size=\"small\" rounded=\"false\" color=\"white\" link=\"http:\/\/solution3p.com\/wp\/?page_id=10023#people\" target=\"_parent\"]\r\n[\/innerFiveSixthsLast]\r\n[\/outerOneFourth]\r\n\r\n[outerOneFourthLast]\r\n<div style=\"float: left; width: 19px; margin-right: 3.5%;\">[image alignment=\"center\" url=\"http:\/\/themes.curtycurt.com\/images\/inspired\/icon-gear.png\" preloader=\"false\" width=\"30\" height=\"30\" ]<\/div>\r\n[innerFiveSixthsLast]\r\n<h4>Our Values<\/h4>\r\n<p class=\"halfBottomMargin\">Integrity -\u00c2\u00a0Respect -\u00c2\u00a0Accountability<\/p>\r\n[button text=\"Read More\" type=\"link\" size=\"small\" rounded=\"false\" color=\"white\" class=\"skinSwitch\" link=\"http:\/\/solution3p.com\/wp\/?page_id=10023#values\" target=\"_parent\"]\r\n[\/innerFiveSixthsLast]\r\n[\/outerOneFourthLast]\r\n\r\n[hr toptext=\"\" size=\"medium\" hide_mobile_hr=\"true\"]\r\n-->\r\n<div class=\"outerTwoThirds\">\r\n\r\n<div class=\"outerImageWrap\" style=\"max-width:600px;margin-left:auto;margin-right:auto;margin-bottom:10px;margin-top:0px;\"><div class=\"imageBorder smallBorder\" style=\"\"><div class=\"imageWrapper\"><span class=\"iconHolder linkIcon\" style=\"position:absolute;width:100%;height:100%;overflow:hidden; cursor:default; \" ><\/span><img decoding=\"async\" class=\"responsiveImage\" src=\"http:\/\/solution3p.com\/fr\/wp-content\/uploads\/2013\/03\/baner-600x245-fr.jpg\" alt=\"\" title=\"\" \/><span class=\"imagePreloader\" style=\"position:absolute;top:0px;width:100%;height:100%;overflow:hidden;\"><\/span><\/div><\/div><div class=\"imageShadow\" style=\"max-width:600px;\"><img decoding=\"async\" class=\"imageShadow\" src=\"http:\/\/solution3p.com\/fr\/wp-content\/themes\/inspired\/images\/shadows\/shadow7.png\" alt=\"\" title=\"\" \/><\/div><\/div>\r\n<h3 class=\"special\" style=\"margin-bottom: 5px; font-size: 28px;\">Notre approche<\/h3>\r\nPlus que jamais, une Gestion de Projets TI ad\u00e9quate est requise pour adresser les d\u00e9fis d'aujourd'hui.<br\/> \r\nLes march\u00e9s difficiles d'aujourd'hui poussant les entreprise \u00e0 r\u00e9viser leur mod\u00e8les d\u2019affaires d\u2019une part et l\u2019\u00e9volution exponentielle des outils et solutions TI d\u2019autre part, nous m\u00e8nent \u00e0 conclure que le facteur cl\u00e9 de succ\u00e8s pour cr\u00e9er de la valeur et atteindre des objectifs d'affaires est: aligner TI et affaires\u2122.\r\n<b><\/b>\r\n\r\n<br\/><br\/><b>Pourquoi nous visons \u00e0 aligner TI et affaires\u2122?<\/b>\r\n\r\n<br\/>Tout d'abord, de nos jours, les technologies de l'information se sont tellement d\u00e9velopp\u00e9es qu'elles ne doivent plus \u00eatre consid\u00e9r\u00e9es comme de simples outils pour les entreprises, mais comme un partenaire et un alli\u00e9 qui est en mesure de jouer un r\u00f4le cl\u00e9 dans l'optimisation des mod\u00e8les d'affaires.\r\n\r\nDeuxi\u00e8mement, les march\u00e9s d'aujourd'hui sont tr\u00e8s difficiles et exigent, plus que jamais, des \u00e9conomies de co\u00fbts autant que possible.\r\n\r\nAinsi, le fait d'aligner TI et affaires\u2122, aidera les \u00e9quipes d\u2019affaire d\u2019\u00eatre \u00e0 jour en ce qui concerne le potentiel et les possibilit\u00e9s des technologies de l\u2019information et permettra aux \u00e9quipes des TI de comprendre les d\u00e9fis des mod\u00e8les d\u2019affaires; ce qui m\u00e8nera vers la mise en place de mod\u00e8les d\u2019affaires optimis\u00e9s et la r\u00e9duction des co\u00fbts, tout en cr\u00e9ant de la valeur et atteindre les objectifs d\u2019affaires.\r\n\r\n<br\/><br\/><b>Comment nous proc\u00e9dons pour aligner TI et affaires\u2122?<\/b>\r\n\r\n<br\/>La Solution que nous recommandons pour aligner TI et affaires \u2122 est d'am\u00e9liorer les trois domaines suivants, les 3Ps:\r\n\r\n<br\/>La gestion de <strong><span style=\"color: #008000;\">Portefeuilles<\/span><\/strong>, y compris la gestion de projets et de programmes\r\n<br\/>L'am\u00e9lioration de <strong><span style=\"color: #008000;\">Processus<\/span><\/strong>, en particulier en ce qui concerne les op\u00e9rations, l'ITSM\r\n<br\/>Le d\u00e9veloppement de <strong><span style=\"color: #008000;\">Partenariats<\/span><\/strong>, Partenariats internes entre les \u00e9quipes TI et affaires ainsi que Partenariats externes entre l\u2019entreprise et ces clients et fournisseurs\r\n\r\n<br\/><br\/>Non seulement nous nous effor\u00e7ons de fournir les meilleurs services professionnels qui conduisent \u00e0 aligner TI et affaires \u2122, mais nous sommes d\u00e9termin\u00e9s \u00e0 travailler avec nos clients afin de promouvoir les meilleures pratiques en ce qui concerne la gestion de portefeuille TI, l\u2019am\u00e9lioration des processus TI et le d\u00e9veloppement de partenariats, au cours de nos engagements et par la suite.<br\/>\r\n\r\n&nbsp;\r\n\r\n<\/div>\r\n<div class=\"outerOneThird last\">\r\n<h3 class=\"special\" style=\"margin-bottom: 20px; font-size: 28px;\">Nos services<\/h3>\r\n\r\n<div class=\"innerOneThird\"><a title=\"Informatique en Nuage\" href=\"http:\/\/solution3p.com\/fr\/cloud\"><div class=\"outerImageWrap\" style=\"max-width:85px;margin-left:auto;margin-right:auto;margin-bottom:0px;margin-top:0px;\"><div class=\"imageBorder smallBorder\" style=\"\"><div class=\"imageWrapper\"><img decoding=\"async\" class=\"responsiveImage\" src=\"http:\/\/solution3p.com\/fr\/wp-content\/uploads\/2013\/06\/Cloud-85x76.jpg\" alt=\"\" title=\"\" \/><\/div><\/div><\/div><\/a><\/div>\r\n<div class=\"innerTwoThirds last\">\r\n<div class=\"smallService\">\r\n<h5><b><a title=\"Cloud Computing\" href=\"http:\/\/solution3p.com\/fr\/cloud\">Cloud Computing<\/a><\/b><\/h5>\r\n<p class=\"smallBottomMargin\" style=\"line-height: 19px;\">Pouvez-vous livrer l\u2019infrastructure TI rapidement, en quelques minutes au lieu de plusieurs semaines? Voudriez-vous d\u00e9placer les d\u00e9penses en immobilisations aux d\u00e9penses de fonctionnement? \r\n<\/p>\r\n<\/div>\r\n<\/div>\r\n<div class=\"clear\"><\/div><div class=\"horizontalRule\" style=\"height:15px;\"><\/div><div class=\"hr\" style=\"height:15px;\"><\/div>\r\n\r\n<div class=\"innerOneThird\"><a title=\"IT project management\" href=\"http:\/\/solution3p.com\/fr\/?team=memer-two-title\"><div class=\"outerImageWrap\" style=\"max-width:85px;margin-left:auto;margin-right:auto;margin-bottom:0px;margin-top:0px;\"><div class=\"imageBorder smallBorder\" style=\"\"><div class=\"imageWrapper\"><img decoding=\"async\" class=\"responsiveImage\" src=\"http:\/\/solution3p.com\/fr\/wp-content\/uploads\/2013\/02\/icone_PM.png\" alt=\"\" title=\"\" \/><\/div><\/div><\/div><\/a><\/div>\r\n<div class=\"innerTwoThirds last\">\r\n<div class=\"smallService\">\r\n<h5><b><a title=\"IT project management\" href=\"http:\/\/solution3p.com\/fr\/?team=memer-two-title\">Gestion de projets TI<\/a><\/b><\/h5>\r\n<p class=\"smallBottomMargin\" style=\"line-height: 19px;\">Pouvez-vous livrer les projets TI dans les d\u00e9lais et conform\u00e9ment au budget et \u00e0 la port\u00e9e pr\u00e9vus? G\u00e9rez-vous les risques et les probl\u00e8mes efficacement pour \u00e9viter les d\u00e9passements de co\u00fbts?<\/p>\r\n<\/div>\r\n<\/div>\r\n<div class=\"clear\"><\/div><div class=\"horizontalRule\" style=\"height:15px;\"><\/div><div class=\"hr\" style=\"height:15px;\"><\/div>\r\n\r\n<div class=\"innerOneThird\"><a title=\"PPM Accelerate\" href=\"http:\/\/solution3p.com\/fr\/?team=member-one-team\"><div class=\"outerImageWrap\" style=\"max-width:85px;margin-left:auto;margin-right:auto;margin-bottom:0px;margin-top:0px;\"><div class=\"imageBorder smallBorder\" style=\"\"><div class=\"imageWrapper\"><img decoding=\"async\" class=\"responsiveImage\" src=\"http:\/\/solution3p.com\/fr\/wp-content\/uploads\/2013\/02\/icone.jpg\" alt=\"\" title=\"\" \/><\/div><\/div><\/div><\/a><\/div>\r\n<div class=\"innerTwoThirds last\">\r\n<div class=\"smallService\">\r\n<h5><b><a title=\"PPM Accelerate\" href=\"http:\/\/solution3p.com\/fr\/?team=member-one-team\">PPM Accelerate<\/a><\/b><\/h5>\r\n<p class=\"smallBottomMargin\" style=\"line-height: 19px;\">Investissez-vous sur les bons projets informatiques? Vous assurez-vous que vous avez la capacit\u00e9 requise pour livrer vos projets informatiques?<\/p>\r\n\r\n<\/div>\r\n<\/div>\r\n<!--\r\n-->\r\n\r\n<div class=\"clear\"><\/div><div class=\"horizontalRule\" style=\"height:15px;\"><\/div><div class=\"hr\" style=\"height:15px;\"><\/div>\r\n<div class=\"innerOneThird\"><a title=\"Analyse de rentabilit\u00e9 TI\" href=\"http:\/\/solution3p.com\/fr\/?team=member-three-team\"><div class=\"outerImageWrap\" style=\"max-width:85px;margin-left:auto;margin-right:auto;margin-bottom:0px;margin-top:0px;\"><div class=\"imageBorder smallBorder\" style=\"\"><div class=\"imageWrapper\"><img decoding=\"async\" class=\"responsiveImage\" src=\"http:\/\/solution3p.com\/fr\/wp-content\/uploads\/2013\/02\/icone_BusinessCase.png\" alt=\"\" title=\"\" \/><\/div><\/div><\/div><\/a><\/div>\r\n<div class=\"innerTwoThirds last\">\r\n<div class=\"smallService\">\r\n<h5><b><a title=\"IT Business Case\" href=\"http:\/\/solution3p.com\/fr\/?team=member-three-team\">Analyse de rentabilit\u00e9<\/a><\/b><\/h5>\r\n<p class=\"smallBottomMargin\" style=\"line-height: 19px;\">Vos projets informatiques g\u00e9n\u00e8rent-ils de la valeur attendue? Sont-ils en ad\u00e9quation avec la strat\u00e9gie de votre entreprise?<\/p>\r\n\r\n<\/div>\r\n<\/div>\r\n<div class=\"clear\"><\/div><div class=\"horizontalRule\" style=\"height:15px;\"><\/div><div class=\"hr\" style=\"height:15px;\"><\/div>\r\n<div class=\"innerOneThird\"><a title=\"Mentorat et coaching\" href=\"http:\/\/solution3p.com\/fr\/?team=member-four-team\"><div class=\"outerImageWrap\" style=\"max-width:85px;margin-left:auto;margin-right:auto;margin-bottom:0px;margin-top:0px;\"><div class=\"imageBorder smallBorder\" style=\"\"><div class=\"imageWrapper\"><img decoding=\"async\" class=\"responsiveImage\" src=\"http:\/\/solution3p.com\/fr\/wp-content\/uploads\/2013\/02\/icone_Mentoring.png\" alt=\"\" title=\"\" \/><\/div><\/div><\/div><\/a><\/div>\r\n<div class=\"innerTwoThirds last\">\r\n<div class=\"smallService\">\r\n<h5><b><a title=\"Mentorat et Coaching\" href=\"http:\/\/solution3p.com\/fr\/?team=member-four-team\">Mentorat et Coaching<\/a><\/b><\/h5>\r\n<p class=\"smallBottomMargin\" style=\"line-height: 19px;\">Nous assistons le personnel de nos clients \u00e0 livrer les projets et programmes TI en utilisant une approche en 3 \u00e9tapes:\r\n<br\/>Cibler - Planifier - Ex\u00e9cuter<\/p>\r\n\r\n<\/div>\r\n<\/div>\r\n<div class=\"clear\"><\/div><div class=\"horizontalRule\" style=\"height:15px;\"><\/div><div class=\"hr\" style=\"height:15px;\"><\/div>\r\n<div class=\"innerOneThird\"><a title=\"Formation\" href=\"http:\/\/solution3p.com\/fr\/?team=member-five-team\"><div class=\"outerImageWrap\" style=\"max-width:85px;margin-left:auto;margin-right:auto;margin-bottom:0px;margin-top:0px;\"><div class=\"imageBorder smallBorder\" style=\"\"><div class=\"imageWrapper\"><img decoding=\"async\" class=\"responsiveImage\" src=\"http:\/\/solution3p.com\/fr\/wp-content\/uploads\/2013\/02\/icone_Training.png\" alt=\"\" title=\"\" \/><\/div><\/div><\/div><\/a><\/div>\r\n<div class=\"innerTwoThirds last\">\r\n<div class=\"smallService\">\r\n<h5><b><a title=\"Formation\" href=\"http:\/\/solution3p.com\/fr\/?team=member-five-team\">Formation<\/a><\/b><\/h5>\r\n<p class=\"smallBottomMargin\" style=\"line-height: 19px;\">La promotion des meilleures pratiques du PMI, PMBOK, associ\u00e9e \u00e0 notre longue exp\u00e9rience, nous permettent d'offrir des formations de qualit\u00e9 en gestion de projets TI.<\/p>\r\n\r\n<\/div>\r\n<\/div>\r\n<div class=\"clear\"><\/div><div class=\"hrWrap\"><div class=\"horizontalRule\" style=\"height:15px;\"><\/div><div class=\"hr\" style=\"height:15px;\"><\/div><\/div>\r\n<div>\r\n<div><\/div>\n<\/div>\n<\/div>\n","protected":false},"excerpt":{"rendered":"<p>Notre approche Plus que jamais, une Gestion de Projets TI ad\u00e9quate est requise pour adresser les d\u00e9fis d&rsquo;aujourd&rsquo;hui. Les march\u00e9s difficiles d&rsquo;aujourd&rsquo;hui poussant les entreprise \u00e0 r\u00e9viser leur mod\u00e8les d\u2019affaires d\u2019une part et l\u2019\u00e9volution exponentielle des outils et solutions TI d\u2019autre part, nous m\u00e8nent \u00e0 conclure que le facteur cl\u00e9 de succ\u00e8s pour cr\u00e9er de&#8230;<\/p>\n","protected":false},"author":1,"featured_media":0,"parent":0,"menu_order":0,"comment_status":"closed","ping_status":"closed","template":"","meta":{"_monsterinsights_skip_tracking":false,"_monsterinsights_sitenote_active":false,"_monsterinsights_sitenote_note":"","_monsterinsights_sitenote_category":0,"footnotes":""},"class_list":["post-10620","page","type-page","status-publish","hentry"],"_links":{"self":[{"href":"http:\/\/solution3p.com\/fr\/wp-json\/wp\/v2\/pages\/10620","targetHints":{"allow":["GET"]}}],"collection":[{"href":"http:\/\/solution3p.com\/fr\/wp-json\/wp\/v2\/pages"}],"about":[{"href":"http:\/\/solution3p.com\/fr\/wp-json\/wp\/v2\/types\/page"}],"author":[{"embeddable":true,"href":"http:\/\/solution3p.com\/fr\/wp-json\/wp\/v2\/users\/1"}],"replies":[{"embeddable":true,"href":"http:\/\/solution3p.com\/fr\/wp-json\/wp\/v2\/comments?post=10620"}],"version-history":[{"count":107,"href":"http:\/\/solution3p.com\/fr\/wp-json\/wp\/v2\/pages\/10620\/revisions"}],"predecessor-version":[{"id":10633,"href":"http:\/\/solution3p.com\/fr\/wp-json\/wp\/v2\/pages\/10620\/revisions\/10633"}],"wp:attachment":[{"href":"http:\/\/solution3p.com\/fr\/wp-json\/wp\/v2\/media?parent=10620"}],"curies":[{"name":"wp","href":"https:\/\/api.w.org\/{rel}","templated":true}]}}