{"id":10432,"date":"2013-01-30T14:26:55","date_gmt":"2013-01-30T19:26:55","guid":{"rendered":"http:\/\/solution3p.com\/wp\/?page_id=10432"},"modified":"2013-11-13T13:28:38","modified_gmt":"2013-11-13T18:28:38","slug":"carrieres","status":"publish","type":"page","link":"http:\/\/solution3p.com\/fr\/carrieres","title":{"rendered":"Carri\u00e8res"},"content":{"rendered":"<h2>Carri\u00e8res<\/h2>\n<p>Chez Solution3P nous somme conscient du fait que notre v\u00e9ritable richesse ce sont les employ\u00e9s et consultants qui ont le soucis de livrer des prestations de qualit\u00e9s chez nos clients. Alors si vous \u00eates un gestionnaire de projets ou programmes, un architecte, un administrateur syst\u00e8me, un analyste d&rsquo;affaire ou un programmeur, et vous \u00eates inspir\u00e9s par les d\u00e9fis TI, n&rsquo;h\u00e9sitez pas \u00e0 nous faire parvenir votre CV \u00e0: <span style=\"color: #0000ff;\">careers@solution3p.com<\/span>.<\/p>\n","protected":false},"excerpt":{"rendered":"<p>Carri\u00e8res Chez Solution3P nous somme conscient du fait que notre v\u00e9ritable richesse ce sont les employ\u00e9s et consultants qui ont le soucis de livrer des prestations de qualit\u00e9s chez nos clients. Alors si vous \u00eates un gestionnaire de projets ou programmes, un architecte, un administrateur syst\u00e8me, un analyste d&rsquo;affaire ou un programmeur, et vous \u00eates&#8230;<\/p>\n","protected":false},"author":1,"featured_media":0,"parent":0,"menu_order":3,"comment_status":"open","ping_status":"open","template":"","meta":{"_monsterinsights_skip_tracking":false,"_monsterinsights_sitenote_active":false,"_monsterinsights_sitenote_note":"","_monsterinsights_sitenote_category":0,"footnotes":""},"class_list":["post-10432","page","type-page","status-publish","hentry"],"_links":{"self":[{"href":"http:\/\/solution3p.com\/fr\/wp-json\/wp\/v2\/pages\/10432","targetHints":{"allow":["GET"]}}],"collection":[{"href":"http:\/\/solution3p.com\/fr\/wp-json\/wp\/v2\/pages"}],"about":[{"href":"http:\/\/solution3p.com\/fr\/wp-json\/wp\/v2\/types\/page"}],"author":[{"embeddable":true,"href":"http:\/\/solution3p.com\/fr\/wp-json\/wp\/v2\/users\/1"}],"replies":[{"embeddable":true,"href":"http:\/\/solution3p.com\/fr\/wp-json\/wp\/v2\/comments?post=10432"}],"version-history":[{"count":17,"href":"http:\/\/solution3p.com\/fr\/wp-json\/wp\/v2\/pages\/10432\/revisions"}],"predecessor-version":[{"id":11295,"href":"http:\/\/solution3p.com\/fr\/wp-json\/wp\/v2\/pages\/10432\/revisions\/11295"}],"wp:attachment":[{"href":"http:\/\/solution3p.com\/fr\/wp-json\/wp\/v2\/media?parent=10432"}],"curies":[{"name":"wp","href":"https:\/\/api.w.org\/{rel}","templated":true}]}}