{"id":10429,"date":"2013-01-30T14:25:26","date_gmt":"2013-01-30T19:25:26","guid":{"rendered":"http:\/\/solution3p.com\/wp\/?page_id=10429"},"modified":"2013-03-05T12:11:21","modified_gmt":"2013-03-05T17:11:21","slug":"projets","status":"publish","type":"page","link":"http:\/\/solution3p.com\/fr\/projets","title":{"rendered":"Projects"},"content":{"rendered":"<h3 style=\"text-align: center;\">Projets TI<\/h3>\n<p class=\"noBottomMargin\" style=\"line-height: 22px;\"><span class=\"blockQuote left-align\">Non seulement nous nous occupons de petits et grands projets TI, mais aussi nous assistons nos clients dans la d\u00e9finition de l&rsquo;analyse de rentabilisation pour r\u00e9pondre aux probl\u00e8mes TI ou aux besoins d&rsquo;affaires. Ce qui m\u00e8ne vers une meilleure prise de d\u00e9cisions quant aux investissement en TI.<\/span><br \/><img decoding=\"async\" alt=\"solution3p IT business case project program\" src=\"http:\/\/solution3p.com\/fr\/wp-content\/uploads\/2013\/02\/BusinessCase-Project.png\" \/><\/p>\n<p><\/p>\n<p class=\"noBottomMargin\" style=\"line-height: 22px;\">Voici quelque exemples de probl\u00e8matiques TI ou besoins d&rsquo;affaire que nous pouvons traiter:<\/p>\n<p style=\"padding-left: 30px;\"><span style=\"color: #008000;\">Optimiser les investissements TI<\/span> en impl\u00e9mentant les meilleures pratiques de gestion de portefeuilles, PPM<br \/>\n<span style=\"color: #008000;\">Assurer le niveau de service (SLA)<\/span> (Service Level Agreement) requit en am\u00e9liorant la stabilit\u00e9 de l&rsquo;infrastructure TI<br \/>\n<span style=\"color: #008000;\">R\u00e9duire les co\u00fbts du capital<\/span> en impl\u00e9mentant des solutions \u00ab\u00a0Cloud Computing\u00a0\u00bb<br \/>\n<span style=\"color: #008000;\">Am\u00e9liorer la qualit\u00e9 des d\u00e9cisions<\/span> et b\u00e2tir une bonne relation avec les clients en impl\u00e9mentant une solution d&rsquo;analyse d&rsquo;affaire (Business Analytics)<br \/>\n<span style=\"color: #008000;\">Am\u00e9liorer la stabilit\u00e9 et la capacit\u00e9 de l&rsquo;infrastructure TI<\/span> en migrant aux centres de donn\u00e9es de hautes qualit\u00e9s<br \/>\n<span style=\"color: #008000;\">R\u00e9duire les co\u00fbts de maintenance TI <\/span> en migrant vers les derni\u00e8res versions des serveurs et syst\u00e8me d&rsquo;exploitations<br \/>\n<span style=\"color: #008000;\">\u00c9viter le point de d\u00e9faillance unique<\/span> en impl\u00e9mentant des solutions de r\u00e9partition de charge (load balancing)<br \/>\n<span style=\"color: #008000;\"> R\u00e9duire l&rsquo;exposition aux risques<\/span> en impl\u00e9mentant: des solutions de gestion des Vuln\u00e9rabilit\u00e9s, de surveillance et GRC (Gouvernance, gestion de Risques et Conformit\u00e9)<\/p>\n<p><a class=\"button medium  light-blue \" href=\"http:\/\/solution3p.com\/fr\/contact\" target=\"_parent\" >Parlez-nous de vos d\u00e9fis en TI<\/a><\/p>\n","protected":false},"excerpt":{"rendered":"<p>Projets TI Voici quelque exemples de probl\u00e8matiques TI ou besoins d&rsquo;affaire que nous pouvons traiter: Optimiser les investissements TI en impl\u00e9mentant les meilleures pratiques de gestion de portefeuilles, PPM Assurer le niveau de service (SLA) (Service Level Agreement) requit en am\u00e9liorant la stabilit\u00e9 de l&rsquo;infrastructure TI R\u00e9duire les co\u00fbts du capital en impl\u00e9mentant des solutions&#8230;<\/p>\n","protected":false},"author":1,"featured_media":0,"parent":0,"menu_order":4,"comment_status":"closed","ping_status":"closed","template":"","meta":{"_monsterinsights_skip_tracking":false,"_monsterinsights_sitenote_active":false,"_monsterinsights_sitenote_note":"","_monsterinsights_sitenote_category":0,"footnotes":""},"class_list":["post-10429","page","type-page","status-publish","hentry"],"_links":{"self":[{"href":"http:\/\/solution3p.com\/fr\/wp-json\/wp\/v2\/pages\/10429","targetHints":{"allow":["GET"]}}],"collection":[{"href":"http:\/\/solution3p.com\/fr\/wp-json\/wp\/v2\/pages"}],"about":[{"href":"http:\/\/solution3p.com\/fr\/wp-json\/wp\/v2\/types\/page"}],"author":[{"embeddable":true,"href":"http:\/\/solution3p.com\/fr\/wp-json\/wp\/v2\/users\/1"}],"replies":[{"embeddable":true,"href":"http:\/\/solution3p.com\/fr\/wp-json\/wp\/v2\/comments?post=10429"}],"version-history":[{"count":47,"href":"http:\/\/solution3p.com\/fr\/wp-json\/wp\/v2\/pages\/10429\/revisions"}],"predecessor-version":[{"id":11140,"href":"http:\/\/solution3p.com\/fr\/wp-json\/wp\/v2\/pages\/10429\/revisions\/11140"}],"wp:attachment":[{"href":"http:\/\/solution3p.com\/fr\/wp-json\/wp\/v2\/media?parent=10429"}],"curies":[{"name":"wp","href":"https:\/\/api.w.org\/{rel}","templated":true}]}}