{"id":10381,"date":"2012-08-19T15:38:11","date_gmt":"2012-08-19T15:38:11","guid":{"rendered":"http:\/\/solution3p.com\/wp\/?page_id=10381"},"modified":"2013-03-02T16:34:50","modified_gmt":"2013-03-02T21:34:50","slug":"services","status":"publish","type":"page","link":"http:\/\/solution3p.com\/fr\/services","title":{"rendered":"Services"},"content":{"rendered":"<div id=\"portfolioGrid\" class=\"clearfix\">\n<div class=\"element leaders portInnerOneThird\" style=\"margin-bottom:30px;\">\n<div class=\"outerImageWrap\" style=\"max-width:380px;margin-left:auto;margin-right:auto;margin-bottom:0px;margin-top:0px;\">\n<div class=\"imageBorder smallBorder\" style=\"\">\n<div class=\"imageWrapper\"><a href=\"http:\/\/solution3p.com\/fr\/team\/cloud\" title=\"\"  ><img decoding=\"async\" class=\"responsiveImage\" src=\"http:\/\/solution3p.com\/fr\/wp-content\/uploads\/2013\/06\/Cloud-900x576-380x243.jpg\" alt=\"\" title=\"\" \/><\/a><span class=\"imagePreloader\" style=\"position:absolute;top:0px;width:100%;height:100%;overflow:hidden;\"><\/span><\/div>\n<\/div>\n<div class=\"imageShadow\" style=\"max-width:380px;\"><img decoding=\"async\" class=\"imageShadow\" src=\"http:\/\/solution3p.com\/fr\/wp-content\/themes\/inspired\/images\/shadows\/shadow7.png\" alt=\"\" title=\"\" \/><\/div>\n<\/div>\n<div class=\"spacer\" style=\"height:10px;\"><\/div><h2 class=\"portfolioTitle\"><a href=\"http:\/\/solution3p.com\/fr\/team\/cloud\" target=\"_parent\" title=\"\">Informatique en Nuage<\/a><\/h2>\n<p style=\"margin-bottom:6px;\">Pouvez-vous livrer l\u2019infrastructure TI rapidement, en quelques minutes au lieu de plusieurs semaines? Voudriez-vous d\u00e9placer les d\u00e9penses TI Capex en Opex? Pouvez-vous vous assurer d&rsquo;avoir la bonne capacit\u00e9 TI, pour r\u00e9pondre aux besoins des applications d&rsquo;affaires?<\/p>\n<a class=\"button small white\" href=\"http:\/\/solution3p.com\/fr\/team\/cloud\" style=\"margin-right:6px;margin-bottom:5px;margin-top:3px;\" target=\"_parent\">Read More<\/a><\/div>\n<div class=\"element leaders portInnerOneThird\" style=\"margin-bottom:30px;\">\n<div class=\"outerImageWrap\" style=\"max-width:380px;margin-left:auto;margin-right:auto;margin-bottom:0px;margin-top:0px;\">\n<div class=\"imageBorder smallBorder\" style=\"\">\n<div class=\"imageWrapper\"><a href=\"http:\/\/solution3p.com\/fr\/team\/ppm-accelerate\" title=\"\"  ><img decoding=\"async\" class=\"responsiveImage\" src=\"http:\/\/solution3p.com\/fr\/wp-content\/uploads\/2013\/06\/baner-ppm-900x560-02-fr-380x236.jpg\" alt=\"\" title=\"\" \/><\/a><span class=\"imagePreloader\" style=\"position:absolute;top:0px;width:100%;height:100%;overflow:hidden;\"><\/span><\/div>\n<\/div>\n<div class=\"imageShadow\" style=\"max-width:380px;\"><img decoding=\"async\" class=\"imageShadow\" src=\"http:\/\/solution3p.com\/fr\/wp-content\/themes\/inspired\/images\/shadows\/shadow7.png\" alt=\"\" title=\"\" \/><\/div>\n<\/div>\n<div class=\"spacer\" style=\"height:10px;\"><\/div><h2 class=\"portfolioTitle\"><a href=\"http:\/\/solution3p.com\/fr\/team\/ppm-accelerate\" target=\"_parent\" title=\"\">PPM Accelerate<\/a><\/h2>\n<p style=\"margin-bottom:6px;\">Investissez-vous sur les bons projets informatiques? Vous assurez-vous que vous avez la capacit\u00e9 requise pour livrer vos projets informatiques?<\/p>\n<a class=\"button small white\" href=\"http:\/\/solution3p.com\/fr\/team\/ppm-accelerate\" style=\"margin-right:6px;margin-bottom:5px;margin-top:3px;\" target=\"_parent\">En savoir plus<\/a><\/div>\n<div class=\"element leaders portInnerOneThird\" style=\"margin-bottom:30px;\">\n<div class=\"outerImageWrap\" style=\"max-width:380px;margin-left:auto;margin-right:auto;margin-bottom:0px;margin-top:0px;\">\n<div class=\"imageBorder smallBorder\" style=\"\">\n<div class=\"imageWrapper\"><a href=\"http:\/\/solution3p.com\/fr\/team\/gestion-projets\" title=\"\"  ><img decoding=\"async\" class=\"responsiveImage\" src=\"http:\/\/solution3p.com\/fr\/wp-content\/uploads\/2013\/06\/baner-ppm-900x560-01-fr-380x236.jpg\" alt=\"\" title=\"\" \/><\/a><span class=\"imagePreloader\" style=\"position:absolute;top:0px;width:100%;height:100%;overflow:hidden;\"><\/span><\/div>\n<\/div>\n<div class=\"imageShadow\" style=\"max-width:380px;\"><img decoding=\"async\" class=\"imageShadow\" src=\"http:\/\/solution3p.com\/fr\/wp-content\/themes\/inspired\/images\/shadows\/shadow7.png\" alt=\"\" title=\"\" \/><\/div>\n<\/div>\n<div class=\"spacer\" style=\"height:10px;\"><\/div><h2 class=\"portfolioTitle\"><a href=\"http:\/\/solution3p.com\/fr\/team\/gestion-projets\" target=\"_parent\" title=\"\">Gestion de projets TI<\/a><\/h2>\n<p style=\"margin-bottom:6px;\">Pouvez-vous livrer les projets TI dans les d\u00e9lais et conform\u00e9ment au budget et \u00e0 la port\u00e9e pr\u00e9vus? G\u00e9rez-vous les risques et les probl\u00e8mes efficacement pour \u00e9viter les d\u00e9passements de co\u00fbts?<\/p>\n<a class=\"button small white\" href=\"http:\/\/solution3p.com\/fr\/team\/gestion-projets\" style=\"margin-right:6px;margin-bottom:5px;margin-top:3px;\" target=\"_parent\">En savoir plus<\/a><\/div>\n<div class=\"element directors portInnerOneThird\" style=\"margin-bottom:30px;\">\n<div class=\"outerImageWrap\" style=\"max-width:380px;margin-left:auto;margin-right:auto;margin-bottom:0px;margin-top:0px;\">\n<div class=\"imageBorder smallBorder\" style=\"\">\n<div class=\"imageWrapper\"><a href=\"http:\/\/solution3p.com\/fr\/team\/analyse-rentabilite\" title=\"\"  ><img decoding=\"async\" class=\"responsiveImage\" src=\"http:\/\/solution3p.com\/fr\/wp-content\/uploads\/2013\/02\/baner-business-case-900x560-03-380x236.jpg\" alt=\"\" title=\"\" \/><\/a><span class=\"imagePreloader\" style=\"position:absolute;top:0px;width:100%;height:100%;overflow:hidden;\"><\/span><\/div>\n<\/div>\n<div class=\"imageShadow\" style=\"max-width:380px;\"><img decoding=\"async\" class=\"imageShadow\" src=\"http:\/\/solution3p.com\/fr\/wp-content\/themes\/inspired\/images\/shadows\/shadow7.png\" alt=\"\" title=\"\" \/><\/div>\n<\/div>\n<div class=\"spacer\" style=\"height:10px;\"><\/div><h2 class=\"portfolioTitle\"><a href=\"http:\/\/solution3p.com\/fr\/team\/analyse-rentabilite\" target=\"_parent\" title=\"\">Analyse de rentabilit\u00e9<\/a><\/h2>\n<p style=\"margin-bottom:6px;\">Vos projets informatiques g\u00e9n\u00e8rent-ils de la valeur attendue? Vos projets TI, sont-ils en ad\u00e9quation avec la strat\u00e9gie de votre entreprise?<\/p>\n<a class=\"button small white\" href=\"http:\/\/solution3p.com\/fr\/team\/analyse-rentabilite\" style=\"margin-right:6px;margin-bottom:5px;margin-top:3px;\" target=\"_parent\">En savoir plus<\/a><\/div>\n<div class=\"element directors portInnerOneThird\" style=\"margin-bottom:30px;\">\n<div class=\"outerImageWrap\" style=\"max-width:380px;margin-left:auto;margin-right:auto;margin-bottom:0px;margin-top:0px;\">\n<div class=\"imageBorder smallBorder\" style=\"\">\n<div class=\"imageWrapper\"><a href=\"http:\/\/solution3p.com\/fr\/team\/mentorat-coaching\" title=\"\"  ><img decoding=\"async\" class=\"responsiveImage\" src=\"http:\/\/solution3p.com\/fr\/wp-content\/uploads\/2013\/06\/baner-pm-900x560-01-fr-380x236.jpg\" alt=\"\" title=\"\" \/><\/a><span class=\"imagePreloader\" style=\"position:absolute;top:0px;width:100%;height:100%;overflow:hidden;\"><\/span><\/div>\n<\/div>\n<div class=\"imageShadow\" style=\"max-width:380px;\"><img decoding=\"async\" class=\"imageShadow\" src=\"http:\/\/solution3p.com\/fr\/wp-content\/themes\/inspired\/images\/shadows\/shadow7.png\" alt=\"\" title=\"\" \/><\/div>\n<\/div>\n<div class=\"spacer\" style=\"height:10px;\"><\/div><h2 class=\"portfolioTitle\"><a href=\"http:\/\/solution3p.com\/fr\/team\/mentorat-coaching\" target=\"_parent\" title=\"\">Mentorat et coaching<\/a><\/h2>\n<p style=\"margin-bottom:6px;\">Nous assistons le personnel de nos clients \u00e0 livrer les projets et programmes TI en utilisant une approche en 3 \u00e9tapes: <br \/>Cibler, Planifier, Ex\u00e9cuter<\/p>\n<a class=\"button small white\" href=\"http:\/\/solution3p.com\/fr\/team\/mentorat-coaching\" style=\"margin-right:6px;margin-bottom:5px;margin-top:3px;\" target=\"_parent\">En savoir plus<\/a><\/div>\n<div class=\"element developers portInnerOneThird\" style=\"margin-bottom:30px;\">\n<div class=\"outerImageWrap\" style=\"max-width:380px;margin-left:auto;margin-right:auto;margin-bottom:0px;margin-top:0px;\">\n<div class=\"imageBorder smallBorder\" style=\"\">\n<div class=\"imageWrapper\"><a href=\"http:\/\/solution3p.com\/fr\/team\/formation\" title=\"\"  ><img decoding=\"async\" class=\"responsiveImage\" src=\"http:\/\/solution3p.com\/fr\/wp-content\/uploads\/2013\/02\/baner-training-900x560-04-380x236.jpg\" alt=\"\" title=\"\" \/><\/a><span class=\"imagePreloader\" style=\"position:absolute;top:0px;width:100%;height:100%;overflow:hidden;\"><\/span><\/div>\n<\/div>\n<div class=\"imageShadow\" style=\"max-width:380px;\"><img decoding=\"async\" class=\"imageShadow\" src=\"http:\/\/solution3p.com\/fr\/wp-content\/themes\/inspired\/images\/shadows\/shadow7.png\" alt=\"\" title=\"\" \/><\/div>\n<\/div>\n<div class=\"spacer\" style=\"height:10px;\"><\/div><h2 class=\"portfolioTitle\"><a href=\"http:\/\/solution3p.com\/fr\/team\/formation\" target=\"_parent\" title=\"\">Formation<\/a><\/h2>\n<p style=\"margin-bottom:6px;\">La promotion des meilleures pratiques du PMI, PMBOK, associ\u00e9e \u00e0 notre longue exp\u00e9rience, nous permettent d&rsquo;offrir des formations de qualit\u00e9 en gestion de projets TI.<\/p>\n<a class=\"button small white\" href=\"http:\/\/solution3p.com\/fr\/team\/formation\" style=\"margin-right:6px;margin-bottom:5px;margin-top:3px;\" target=\"_parent\">En savoir plus<\/a><\/div>\n<\/div>\n<div class=\"clear\"><\/div>\n<div id=\"post-pagination\"><\/div>\n","protected":false},"excerpt":{"rendered":"","protected":false},"author":1,"featured_media":0,"parent":0,"menu_order":7,"comment_status":"open","ping_status":"open","template":"","meta":{"_monsterinsights_skip_tracking":false,"_monsterinsights_sitenote_active":false,"_monsterinsights_sitenote_note":"","_monsterinsights_sitenote_category":0,"footnotes":""},"class_list":["post-10381","page","type-page","status-publish","hentry"],"_links":{"self":[{"href":"http:\/\/solution3p.com\/fr\/wp-json\/wp\/v2\/pages\/10381","targetHints":{"allow":["GET"]}}],"collection":[{"href":"http:\/\/solution3p.com\/fr\/wp-json\/wp\/v2\/pages"}],"about":[{"href":"http:\/\/solution3p.com\/fr\/wp-json\/wp\/v2\/types\/page"}],"author":[{"embeddable":true,"href":"http:\/\/solution3p.com\/fr\/wp-json\/wp\/v2\/users\/1"}],"replies":[{"embeddable":true,"href":"http:\/\/solution3p.com\/fr\/wp-json\/wp\/v2\/comments?post=10381"}],"version-history":[{"count":10,"href":"http:\/\/solution3p.com\/fr\/wp-json\/wp\/v2\/pages\/10381\/revisions"}],"predecessor-version":[{"id":10790,"href":"http:\/\/solution3p.com\/fr\/wp-json\/wp\/v2\/pages\/10381\/revisions\/10790"}],"wp:attachment":[{"href":"http:\/\/solution3p.com\/fr\/wp-json\/wp\/v2\/media?parent=10381"}],"curies":[{"name":"wp","href":"https:\/\/api.w.org\/{rel}","templated":true}]}}