{"id":10122,"date":"2012-07-30T19:20:22","date_gmt":"2012-07-30T23:20:22","guid":{"rendered":"http:\/\/solution3p.com\/wp\/?page_id=10122"},"modified":"2016-07-25T01:28:52","modified_gmt":"2016-07-25T05:28:52","slug":"contact","status":"publish","type":"page","link":"http:\/\/solution3p.com\/fr\/contact","title":{"rendered":"Contact"},"content":{"rendered":"<p><script>\n  (function(i,s,o,g,r,a,m){i['GoogleAnalyticsObject']=r;i[r]=i[r]||function(){\n  (i[r].q=i[r].q||[]).push(arguments)},i[r].l=1*new Date();a=s.createElement(o),\n  m=s.getElementsByTagName(o)[0];a.async=1;a.src=g;m.parentNode.insertBefore(a,m)\n  })(window,document,'script','\/\/www.google-analytics.com\/analytics.js','ga');<\/p>\n<p>  ga('create', 'UA-42888924-1', 'auto');\n  ga('send', 'pageview');<\/p>\n<p><\/script><\/p>\n<p>Vous avez besoin d&rsquo;une cotation?<br \/>\nVous avez des questions sur nos services?<br \/>\nVous avez besoin de support?<\/p>\n<p>N&rsquo;h\u00e9sitez pas \u00e0 nous contacter<br \/>\n&nbsp;<\/p>\n<h4> T\u00e9l: 1-514-312-9977 <\/h4>\n<p>&nbsp;<\/p>\n<h4>Courriel: contact@solution3p.com <\/h4>\n<p>&nbsp;<\/p>\n<h4>Adresse: 600 de Maisonneuve Blvd West, Suite  1700, Montreal, QC  H3A 3J2 <\/h4>\n<p>&nbsp;<br \/>\nou nous soumettre votre message \u00e0 travers le formulaire suivant:<\/p>\n<div class=\"contactFormBorder\">\n<script type=\"text\/javascript\" src=\"http:\/\/solution3p.com\/fr\/wp-includes\/js\/jquery\/jquery.min.js?ver=3.7.1\" id=\"jquery-core-js\"><\/script>\n<script type=\"text\/javascript\" src=\"http:\/\/solution3p.com\/fr\/wp-includes\/js\/jquery\/jquery-migrate.min.js?ver=3.4.1\" id=\"jquery-migrate-js\"><\/script>\n<script type=\"text\/javascript\" id=\"contactForm-js-extra\">\n\/* <![CDATA[ *\/\nvar localizedMessages = {\"errorMissingName\":\"Please Enter Your Name\",\"errorMissingEmail\":\"Please Enter A Message\",\"errorInvalidEmail\":\"Invalid Email Address\",\"errorMissingMessage\":\"Please Enter A Message\",\"messageSent\":\"Message Sent Successfully!\",\"messageFailed\":\"There was an error sending your message. Please try again later.\"};\n\/* ]]> *\/\n<\/script>\n<script type=\"text\/javascript\" src=\"http:\/\/solution3p.com\/fr\/wp-content\/themes\/inspired\/js\/contact-form.js?ver=6.8.5\" id=\"contactForm-js\"><\/script>\n\n<div id=\"wb_contact_form_733402670\" class=\"shortcode_wb_contact_form_main wb-container\"><div class=\"widgetColumnTitle\">\n\t<div class=\"widgetTitle\">\n\t\t<h3> <\/h3>\t<\/div>\n\t<div class=\"clear\"><\/div>\n<\/div>\n<div class=\"clear\"><\/div>\n<div class=\"widgetColumnContent\">\n\t\n\t<div class=\"contactWrap\">\n\t\t<form class=\"contactForm\">\n\t\t\t<label>Name: <\/label>\n\t\t\t<input class=\"nameInput\" type=\"text\" title=\"Name\" value=\"\">\n\t\t\t<label>Email: <\/label>\n\t\t\t<input class=\"emailInput\" type=\"text\" title=\"Email Address\" value=\"\">\n\t\t\t<label>Message: <\/label>\n\t\t\t<textarea class=\"messageInput\" title=\"Message\"><\/textarea>\n\t\t\t<input type=\"hidden\" class=\"adminemail\" value=\"contact@solution3p.com\">\n\t\t\t<input type=\"submit\" class=\"button white medium submitBtn\" value=\"Send Message\" \/>\n\t\t<\/form>\n\t\t<div class=\"clear\"><\/div>\n\t\t<p class=\"responseTxt noBottomMargin\" style=\"display:none;\"><\/p>\n\t<\/div>\n\n<\/div>\n<\/div><\/div>\n","protected":false},"excerpt":{"rendered":"<p>Vous avez besoin d&rsquo;une cotation? Vous avez des questions sur nos services? Vous avez besoin de support? N&rsquo;h\u00e9sitez pas \u00e0 nous contacter &nbsp; T\u00e9l: 1-514-312-9977 &nbsp; Courriel: contact@solution3p.com &nbsp; Adresse: 600 de Maisonneuve Blvd West, Suite 1700, Montreal, QC H3A 3J2 &nbsp; ou nous soumettre votre message \u00e0 travers le formulaire suivant:<\/p>\n","protected":false},"author":1,"featured_media":0,"parent":0,"menu_order":5,"comment_status":"closed","ping_status":"closed","template":"","meta":{"_monsterinsights_skip_tracking":false,"_monsterinsights_sitenote_active":false,"_monsterinsights_sitenote_note":"","_monsterinsights_sitenote_category":0,"footnotes":""},"class_list":["post-10122","page","type-page","status-publish","hentry"],"_links":{"self":[{"href":"http:\/\/solution3p.com\/fr\/wp-json\/wp\/v2\/pages\/10122","targetHints":{"allow":["GET"]}}],"collection":[{"href":"http:\/\/solution3p.com\/fr\/wp-json\/wp\/v2\/pages"}],"about":[{"href":"http:\/\/solution3p.com\/fr\/wp-json\/wp\/v2\/types\/page"}],"author":[{"embeddable":true,"href":"http:\/\/solution3p.com\/fr\/wp-json\/wp\/v2\/users\/1"}],"replies":[{"embeddable":true,"href":"http:\/\/solution3p.com\/fr\/wp-json\/wp\/v2\/comments?post=10122"}],"version-history":[{"count":27,"href":"http:\/\/solution3p.com\/fr\/wp-json\/wp\/v2\/pages\/10122\/revisions"}],"predecessor-version":[{"id":11391,"href":"http:\/\/solution3p.com\/fr\/wp-json\/wp\/v2\/pages\/10122\/revisions\/11391"}],"wp:attachment":[{"href":"http:\/\/solution3p.com\/fr\/wp-json\/wp\/v2\/media?parent=10122"}],"curies":[{"name":"wp","href":"https:\/\/api.w.org\/{rel}","templated":true}]}}