{"id":10023,"date":"2012-07-30T15:33:02","date_gmt":"2012-07-30T19:33:02","guid":{"rendered":"http:\/\/solution3p.com\/wp\/?page_id=10023"},"modified":"2013-03-26T09:05:08","modified_gmt":"2013-03-26T13:05:08","slug":"apropos","status":"publish","type":"page","link":"http:\/\/solution3p.com\/fr\/apropos","title":{"rendered":"\u00c0 propos"},"content":{"rendered":"<h2 class=\"special\" style=\"font-size: 48px;\">\u00c0 propos<\/h2>\n<div class=\"outerImageWrap\" style=\"max-width:900px;margin-left:auto;margin-right:auto;margin-bottom:0px;margin-top:0px;\">\n<div class=\"imageBorder smallBorder\" style=\"\">\n<div class=\"imageWrapper\"><img decoding=\"async\" class=\"responsiveImage\" src=\"http:\/\/solution3p.com\/fr\/wp-content\/uploads\/2013\/02\/Team2-e1362022001236.jpg\" alt=\"\" title=\"\" \/><span class=\"imagePreloader\" style=\"position:absolute;top:0px;width:100%;height:100%;overflow:hidden;\"><\/span><\/div>\n<\/div>\n<div class=\"imageShadow\" style=\"max-width:900px;\"><img decoding=\"async\" class=\"imageShadow\" src=\"http:\/\/solution3p.com\/fr\/wp-content\/themes\/inspired\/images\/shadows\/shadow7.png\" alt=\"\" title=\"\" \/><\/div>\n<\/div>\n<h2 class=\"special\" style=\"font-size: 32px;\">Qui sommes-nous?<\/h2>\n<p class=\"noBottomMargin\" style=\"line-height: 22px;\"><span class=\"blockQuote left-align\">Nous assistons nos clients \u00e0 r\u00e9duire les co\u00fbts TI tout en cr\u00e9ant de la valeur et atteindre les objectifs d\u2019affaire<\/span> Solution3P est une soci\u00e9t\u00e9 de conseil en Technologies de l\u2019Information, bas\u00e9e \u00e0 Montr\u00e9al, Canada. Notre but ultime est d&rsquo;aider nos clients \u00e0 r\u00e9duire les co\u00fbts informatiques et \u00e0 stabiliser leur syst\u00e8me d&rsquo;information en s&rsquo;assurant que chaque initiative TI est align\u00e9e sur la strat\u00e9gie de l&rsquo;entreprise, cr\u00e9ant ainsi de la  valeur tout en atteignant les objectifs d&rsquo;affaires.<br \/>\nNous sommes fiers d&rsquo;aider nos clients \u00e0 cr\u00e9er de la valeur gr\u00e2ce \u00e0 la prestation de solutions TI et nous nous effor\u00e7ons de devenir des conseillers de confiance pour nos clients.<br \/>\nNous nous effor\u00e7ons de promouvoir les meilleures pratiques en tenant compte de l&rsquo;environnement sp\u00e9cifique de chaque client, ses besoins et ses d\u00e9fis.<br \/>\nNous sommes sensibles aux donn\u00e9es de nos clients. Ainsi, nous nous engageons \u00e0 travailler avec nos clients, non seulement pour prot\u00e9ger les donn\u00e9es confidentielles, mais aussi pour accro\u00eetre la sensibilisation \u00e0 l&rsquo;\u00e9gard de la s\u00e9curit\u00e9 de l&rsquo;information.\n<\/p>\n<p><\/p>\n<h2 class=\"special\" style=\"font-size: 32px;\">Notre approche:<\/h2>\n<p class=\"noBottomMargin\" style=\"line-height: 22px;\"><span class=\"blockQuote left-align\">aligner TI et affaires\u2122<\/p>\n<p><\/span> Les march\u00e9s difficiles d&rsquo;aujourd&rsquo;hui poussant les entreprise \u00e0 r\u00e9viser leur mod\u00e8les d\u2019affaires d\u2019une part et l\u2019\u00e9volution exponentielle des outils et solution TI d\u2019autre part, nous m\u00e8nent vers \u00e0 la conclusion que le facteur cl\u00e9 de succ\u00e8s pour cr\u00e9er de la valeur et atteindre des objectifs d&rsquo;affaires est: aligner TI et affaires\u2122.<br \/>\n<b><\/b><br \/>\n<br \/><b>Pourquoi nous visons \u00e0 aligner TI et affaires\u2122?<\/b><br \/>\nTout d&rsquo;abord, de nos jours, les technologies de l&rsquo;information se sont tellement d\u00e9velopp\u00e9es qu&rsquo;elles ne doivent plus \u00eatre consid\u00e9r\u00e9es comme de simples outils pour les entreprises, mais comme un partenaire et un alli\u00e9 qui est en mesure de jouer un r\u00f4le cl\u00e9 dans l&rsquo;optimisation des mod\u00e8les d&rsquo;affaires.<br \/>\nDeuxi\u00e8mement, les march\u00e9s d&rsquo;aujourd&rsquo;hui sont tr\u00e8s difficiles et exigent, plus que jamais, des \u00e9conomies de co\u00fbts autant que possible.<br \/>\nAinsi, le fait d&rsquo;aligner TI et affaires\u2122, aidera les \u00e9quipes d\u2019affaire d\u2019\u00eatre \u00e0 jour en ce qui concerne le potentiel et les possibilit\u00e9s des technologies de l\u2019information et permettra aux \u00e9quipes des TI de comprendre les d\u00e9fis des mod\u00e8les d\u2019affaires; ce qui m\u00e8nera vers la mise en place de mod\u00e8les d\u2019affaires optimis\u00e9s et la r\u00e9duction des co\u00fbts, tout en cr\u00e9ant de la valeur et atteindre les objectifs d\u2019affaires.<br \/>\n<br \/><b>Comment nous proc\u00e9dons pour aligner TI et affaires\u2122?<\/b><br \/>\nLa Solution que nous recommandons pour aligner TI et affaires \u2122 est d&rsquo;am\u00e9liorer les trois domaines suivants, les 3Ps:<br \/>\nLa gestion de <strong><span style=\"color: #008000;\">Portefeuilles<\/span><\/strong>, y compris gestion de projets et de programmes.<br \/>\nL&rsquo;am\u00e9lioration de <strong><span style=\"color: #008000;\">Processus<\/span><\/strong>, en particulier en ce qui concerne les op\u00e9rations, l&rsquo;ITSM.<br \/>\nLe d\u00e9veloppement de <strong><span style=\"color: #008000;\">Partenariats<\/span><\/strong>, Partenariats internes entre les \u00e9quipes TI et affaires ainsi que Partenariats externes entre l\u2019entreprise et ces clients et fournisseurs.<br \/>\n<br \/>Non seulement nous nous effor\u00e7ons de fournir les meilleurs services professionnels qui conduisent \u00e0 aligner TI et affaires \u2122, mais nous sommes d\u00e9termin\u00e9s \u00e0 travailler avec nos clients afin de promouvoir les meilleures pratiques en ce qui concerne la gestion de portefeuille TI, l\u2019am\u00e9lioration des processus TI et le d\u00e9veloppement de partenariats, au cours de nos engagements et par la suite.<\/p>\n<h2 class=\"special\" style=\"font-size: 32px;\">Noe \u00e9quipes:<\/h2>\n<p class=\"noBottomMargin\" style=\"line-height: 22px;\"><span class=\"blockQuote left-align\">Nos consultants sont exp\u00e9riment\u00e9s, certifi\u00e9s et inspir\u00e9s par les t\u00e2ches difficiles<\/span> Nos consultants sont hautement qualifi\u00e9s, exp\u00e9riment\u00e9s, certifi\u00e9s, et sont d\u00e9di\u00e9s \u00e0 faire en sorte que nos clients soient satisfaits au cours de nos engagements, et par la suite. Nos consultants sont inspir\u00e9s par les t\u00e2ches difficiles et ne sont pas seulement engag\u00e9s \u00e0 trouver des solutions pour surmonter les probl\u00e8mes rencontr\u00e9s et les risques identifi\u00e9s, mais \u00e9galement \u00e0 transformer les recommandations en actions et mettre en \u0153uvre des solutions TI bien adapt\u00e9es aux besoins du client.<\/p>\n<h2 class=\"special\" style=\"font-size: 32px;\">Nos valeurs:<\/h2>\n<p class=\"noBottomMargin\" style=\"line-height: 22px;\"><span class=\"blockQuote left-align\">Int\u00e9grit\u00e9, Respect, Responsabilit\u00e9<\/span>Int\u00e9grit\u00e9: nous faisons preuve d&rsquo;honn\u00eatet\u00e9 et de transparence dans nos actions.<br \/>\nRespect: nous visons \u00e0 \u00eatre respectueux dans nos communications et nos comportements.<br \/>\nResponsabilit\u00e9: Nous sommes responsables de nos engagements.<\/p>\n","protected":false},"excerpt":{"rendered":"<p>\u00c0 propos Qui sommes-nous? Solution3P est une soci\u00e9t\u00e9 de conseil en Technologies de l\u2019Information, bas\u00e9e \u00e0 Montr\u00e9al, Canada. Notre but ultime est d&rsquo;aider nos clients \u00e0 r\u00e9duire les co\u00fbts informatiques et \u00e0 stabiliser leur syst\u00e8me d&rsquo;information en s&rsquo;assurant que chaque initiative TI est align\u00e9e sur la strat\u00e9gie de l&rsquo;entreprise, cr\u00e9ant ainsi de la valeur tout&#8230;<\/p>\n","protected":false},"author":1,"featured_media":10872,"parent":0,"menu_order":1,"comment_status":"open","ping_status":"closed","template":"","meta":{"_monsterinsights_skip_tracking":false,"_monsterinsights_sitenote_active":false,"_monsterinsights_sitenote_note":"","_monsterinsights_sitenote_category":0,"footnotes":""},"class_list":["post-10023","page","type-page","status-publish","has-post-thumbnail","hentry"],"_links":{"self":[{"href":"http:\/\/solution3p.com\/fr\/wp-json\/wp\/v2\/pages\/10023","targetHints":{"allow":["GET"]}}],"collection":[{"href":"http:\/\/solution3p.com\/fr\/wp-json\/wp\/v2\/pages"}],"about":[{"href":"http:\/\/solution3p.com\/fr\/wp-json\/wp\/v2\/types\/page"}],"author":[{"embeddable":true,"href":"http:\/\/solution3p.com\/fr\/wp-json\/wp\/v2\/users\/1"}],"replies":[{"embeddable":true,"href":"http:\/\/solution3p.com\/fr\/wp-json\/wp\/v2\/comments?post=10023"}],"version-history":[{"count":113,"href":"http:\/\/solution3p.com\/fr\/wp-json\/wp\/v2\/pages\/10023\/revisions"}],"predecessor-version":[{"id":10457,"href":"http:\/\/solution3p.com\/fr\/wp-json\/wp\/v2\/pages\/10023\/revisions\/10457"}],"wp:featuredmedia":[{"embeddable":true,"href":"http:\/\/solution3p.com\/fr\/wp-json\/wp\/v2\/media\/10872"}],"wp:attachment":[{"href":"http:\/\/solution3p.com\/fr\/wp-json\/wp\/v2\/media?parent=10023"}],"curies":[{"name":"wp","href":"https:\/\/api.w.org\/{rel}","templated":true}]}}